{"id":1624,"date":"2021-10-19T12:28:04","date_gmt":"2021-10-19T12:28:04","guid":{"rendered":"https:\/\/innokop.de\/en\/?page_id=1624"},"modified":"2024-08-05T15:52:29","modified_gmt":"2024-08-05T15:52:29","slug":"impressum","status":"publish","type":"page","link":"https:\/\/innokop.de\/en\/impressum\/","title":{"rendered":"Impressum"},"content":{"rendered":"\n<h1 class=\"gb-headline gb-headline-16ff1f99 gb-headline-text\">Impressum<\/h1>\n\n\n\n<p><strong>Innokop<\/strong><br>FTA V.\/S Nickel<br>Amselweg 1<br>15837 Baruth\/M<\/p>\n\n\n\n<p><strong>Vertretungsberechtigte<\/strong><br>FTA V.\/S Nickel<\/p>\n\n\n\n<p><b>Kontakt:<\/b><\/p>\n\n\n\n<p>Telefon: Nur per Anfrage<\/p>\n\n\n\n<p>E-Mail: Info@innokop.de\/en<\/p>\n\n\n\n<p>Wir sind nicht bereit oder verpflichtet, an Streitbeilegungsverfahren vor einer Verbraucherschlichtungsstelle teilzunehmen.<\/p>\n\n\n\n<p><b>Haftung f\u00fcr Inhalte<\/b><\/p>\n\n\n\n<p>Als Diensteanbieter sind wir gem\u00e4\u00df \u00a7 7 Abs.1 DDG f\u00fcr eigene Inhalte auf diesen Seiten nach den allgemeinen Gesetzen verantwortlich. Nach \u00a7\u00a7 8 bis 10 DDG sind wir als Diensteanbieter jedoch nicht verpflichtet, \u00fcbermittelte oder gespeicherte fremde Informationen zu \u00fcberwachen oder nach Umst\u00e4nden zu forschen, die auf eine rechtswidrige T\u00e4tigkeit hinweisen. Verpflichtungen zur Entfernung oder Sperrung der Nutzung von Informationen nach den allgemeinen Gesetzen bleiben hiervon unber\u00fchrt. Eine diesbez\u00fcgliche Haftung ist jedoch erst ab dem Zeitpunkt der Kenntnis einer konkreten Rechtsverletzung m\u00f6glich. Bei Bekanntwerden von entsprechenden Rechtsverletzungen werden wir diese Inhalte umgehend entfernen.<\/p>\n\n\n\n<p><b>Haftung f\u00fcr Links<\/b><\/p>\n\n\n\n<p>Unser Angebot enth\u00e4lt Links zu externen Websites Dritter, auf deren Inhalte wir keinen Einfluss haben. Deshalb k\u00f6nnen wir f\u00fcr diese fremden Inhalte auch keine Gew\u00e4hr \u00fcbernehmen. F\u00fcr die Inhalte der verlinkten Seiten ist stets der jeweilige Anbieter oder Betreiber der Seiten verantwortlich. Die verlinkten Seiten wurden zum Zeitpunkt der Verlinkung auf m\u00f6gliche Rechtsverst\u00f6\u00dfe \u00fcberpr\u00fcft. Rechtswidrige Inhalte waren zum Zeitpunkt der Verlinkung nicht erkennbar. Eine permanente inhaltliche Kontrolle der verlinkten Seiten ist jedoch ohne konkrete Anhaltspunkte einer Rechtsverletzung nicht zumutbar. Bei Bekanntwerden von Rechtsverletzungen werden wir derartige Links umgehend entfernen.<\/p>\n\n\n\n<p><b>Urheberrecht<\/b><\/p>\n\n\n\n<p>Die durch die Seitenbetreiber erstellten Inhalte und Werke auf diesen Seiten unterliegen dem deutschen Urheberrecht. Die Vervielf\u00e4ltigung, Bearbeitung, Verbreitung und jede Art der Verwertung au\u00dferhalb der Grenzen des Urheberrechtes bed\u00fcrfen der schriftlichen Zustimmung des jeweiligen Autors bzw. Erstellers. Downloads und Kopien dieser Seite sind nur f\u00fcr den privaten, nicht kommerziellen Gebrauch gestattet. Soweit die Inhalte auf dieser Seite nicht vom Betreiber erstellt wurden, werden die Urheberrechte Dritter beachtet. Insbesondere werden Inhalte Dritter als solche gekennzeichnet. Sollten Sie trotzdem auf eine Urheberrechtsverletzung aufmerksam werden, bitten wir um einen entsprechenden Hinweis. Bei Bekanntwerden von Rechtsverletzungen werden wir derartige Inhalte umgehend entfernen. Quelle: <a href=\"https:\/\/www.e-recht24.de\/impressum-generator.html\" target=\"_blank\" rel=\"noopener\"><i>https:\/\/www.e-recht24.de<\/i><\/a><\/p>\n\n\n\n<p><\/p>\n\n\n\n<h2 class=\"wp-block-heading\">English version (translation)<\/h2>\n\n\n\n<p>Authorized Representatives FTA V.\/S Nickel<\/p>\n\n\n\n<p>Contact:<\/p>\n\n\n\n<p>Phone: Available upon request<\/p>\n\n\n\n<p>Email: <a>Info@innokop.de<\/a>\/en<\/p>\n\n\n\n<p>We are neither willing nor obliged to participate in dispute resolution proceedings before a consumer arbitration board.<\/p>\n\n\n\n<p>Content Liability<\/p>\n\n\n\n<p>As a service provider, we are responsible for our own content on these pages according to \u00a7 7 Abs.1 DDG under general laws. However, according to \u00a7\u00a7 8 to 10 DDG, we are not obligated to monitor transmitted or stored third-party information or to investigate circumstances that indicate illegal activity. Obligations to remove or block the use of information under general laws remain unaffected by this. Liability in this regard is only possible from the point in time when a specific legal infringement becomes known. Upon becoming aware of such legal infringements, we will remove these contents immediately.<\/p>\n\n\n\n<p>Link Liability<\/p>\n\n\n\n<p>Our offer contains links to external third-party websites over whose contents we have no influence. Therefore, we cannot assume any liability for these external contents. The respective provider or operator of the linked pages is always responsible for their content. The linked pages were checked for possible legal violations at the time of linking. Illegal contents were not recognizable at the time of linking. However, a permanent content control of the linked pages is not reasonable without concrete evidence of a legal violation. Upon becoming aware of legal violations, we will remove such links immediately.<\/p>\n\n\n\n<p>Copyright<\/p>\n\n\n\n<p>The contents and works created by the site operators on these pages are subject to German copyright law. The duplication, processing, distribution, and any kind of exploitation outside the limits of copyright law require the written consent of the respective author or creator. Downloads and copies of this site are only permitted for private, non-commercial use. Insofar as the contents on this site were not created by the operator, the copyrights of third parties are respected. In particular, third-party content is marked as such. Should you nevertheless become aware of a copyright infringement, please inform us accordingly. Upon becoming aware of legal infringements, we will remove such content immediately. Source: <a href=\"https:\/\/www.e-recht24.de\" target=\"_blank\" rel=\"noopener\">https:\/\/www.e-recht24.de<\/a><\/p>\n","protected":false},"excerpt":{"rendered":"<p>Impressum InnokopFTA V.\/S NickelAmselweg 115837 Baruth\/M VertretungsberechtigteFTA V.\/S Nickel Kontakt: Telefon: Nur per Anfrage E-Mail: Info@innokop.de\/en Wir sind nicht bereit oder verpflichtet, an Streitbeilegungsverfahren vor einer Verbraucherschlichtungsstelle teilzunehmen. Haftung f\u00fcr Inhalte Als Diensteanbieter sind wir gem\u00e4\u00df \u00a7 7 Abs.1 DDG f\u00fcr eigene Inhalte auf diesen Seiten nach den allgemeinen Gesetzen verantwortlich. Nach \u00a7\u00a7 8 bis &#8230; <a title=\"Impressum\" class=\"read-more\" href=\"https:\/\/innokop.de\/en\/impressum\/\" aria-label=\"Read more about Impressum\">Read more<\/a><\/p>\n","protected":false},"author":5,"featured_media":0,"parent":0,"menu_order":0,"comment_status":"closed","ping_status":"closed","template":"","meta":{"footnotes":""},"class_list":["post-1624","page","type-page","status-publish"],"_links":{"self":[{"href":"https:\/\/innokop.de\/en\/wp-json\/wp\/v2\/pages\/1624","targetHints":{"allow":["GET"]}}],"collection":[{"href":"https:\/\/innokop.de\/en\/wp-json\/wp\/v2\/pages"}],"about":[{"href":"https:\/\/innokop.de\/en\/wp-json\/wp\/v2\/types\/page"}],"author":[{"embeddable":true,"href":"https:\/\/innokop.de\/en\/wp-json\/wp\/v2\/users\/5"}],"replies":[{"embeddable":true,"href":"https:\/\/innokop.de\/en\/wp-json\/wp\/v2\/comments?post=1624"}],"version-history":[{"count":32,"href":"https:\/\/innokop.de\/en\/wp-json\/wp\/v2\/pages\/1624\/revisions"}],"predecessor-version":[{"id":10095,"href":"https:\/\/innokop.de\/en\/wp-json\/wp\/v2\/pages\/1624\/revisions\/10095"}],"wp:attachment":[{"href":"https:\/\/innokop.de\/en\/wp-json\/wp\/v2\/media?parent=1624"}],"curies":[{"name":"wp","href":"https:\/\/api.w.org\/{rel}","templated":true}]}}